{"id":2,"date":"2019-09-21T21:28:36","date_gmt":"2019-09-21T21:28:36","guid":{"rendered":"http:\/\/progresuj.pl\/?page_id=2"},"modified":"2021-03-17T15:08:08","modified_gmt":"2021-03-17T15:08:08","slug":"polityka-prywatnosci","status":"publish","type":"page","link":"https:\/\/progresuj.pl\/index.php\/polityka-prywatnosci\/","title":{"rendered":"Polityka prywatno\u015bci"},"content":{"rendered":"\n<p> <\/p>\n\n\n\n<h1 class=\"wp-block-heading\">Polityka prywatno\u015bci <\/h1>\n\n\n\n<p>www.progresuj.pl<\/p>\n\n\n\n<p><br><br><\/p>\n\n\n\n<p><strong>Drogi U\u017cytkowniku!<\/strong><\/p>\n\n\n\n<p>Dbamy o Twoj\u0105 prywatno\u015b\u0107 i chcemy, aby\u015b w czasie korzystania z naszych us\u0142ug czu\u0142 si\u0119 komfortowo. Dlatego te\u017c poni\u017cej prezentujemy Ci najwa\u017cniejsze informacje o zasadach przetwarzania przez nas Twoich danych osobowych oraz plikach cookies, kt\u00f3re s\u0105 wykorzystywane przez nasz Sklep. Informacje te zosta\u0142y przygotowane z uwzgl\u0119dnieniem RODO, czyli og\u00f3lnego rozporz\u0105dzenia o ochronie danych.<\/p>\n\n\n\n<h2 class=\"wp-block-heading\">ADMINISTRATOR DANYCH OSOBOWYCH (&#8222;Administrator&#8221;)<\/h2>\n\n\n\n<p>Pawe\u0142 Szyma\u0144ski, przedsi\u0119biorca prowadz\u0105cy dzia\u0142alno\u015b\u0107 gospodarcz\u0105 pod nazw\u0105 PROGRES Pawe\u0142 Szyma\u0144ski, wpisany do Centralnej Ewidencji i Informacji o Dzia\u0142alno\u015bci Gospodarczej prowadzonej przez ministra w\u0142a\u015bciwego do spraw gospodarki i prowadzenia Centralnej Ewidencji i Informacji o Dzia\u0142alno\u015bci Gospodarczej, NIP 7132441791 , nr REGON 367545844, ul. Gwark\u00f3w 3\/34, 21-010 \u0141\u0119czna .<\/p>\n\n\n\n<h2 class=\"wp-block-heading\">DANE OSOBOWE I PRYWATNO\u015a\u0106<\/h2>\n\n\n\n<p>Je\u015bli zamierzasz za\u0142o\u017cy\u0107 Konto U\u017cytkownika oraz korzysta\u0107 z naszych us\u0142ug, zostaniesz poproszony o podanie nam Twoich danych osobowych.<br>Twoje dane przetwarzane s\u0105 przez nas we wskazanych poni\u017cej celach, zwi\u0105zanych z funkcjonowaniem Sklepu i \u015bwiadczeniem us\u0142ug w nim oferowanych (\u201eUs\u0142ugi\u201d).<\/p>\n\n\n\n<p><strong>Cel przetwarzania:<\/strong><\/p>\n\n\n\n<p>W zale\u017cno\u015bci od tego, na co si\u0119 zdecydujesz, mo\u017ce to by\u0107:<\/p>\n\n\n\n<ul class=\"wp-block-list\"><li>\u015awiadczenie us\u0142ug oferowanych w Sklepie<\/li><li>Realizacja Twoich zam\u00f3wie\u0144<\/li><li>Marketing bezpo\u015bredni oferowanych us\u0142ug, inny ni\u017c newsletter<\/li><li>Przesy\u0142anie newslettera<\/li><\/ul>\n\n\n\n<p><strong>Podstawa przetwarzania:<\/strong><\/p>\n\n\n\n<ul class=\"wp-block-list\"><li>Umowa sprzeda\u017cy lub dzia\u0142ania podejmowane na Twoje \u017c\u0105danie, zmierzaj\u0105ce do jej zawarcia (art. 6 ust. 1 lit. b RODO)<\/li><li>Ci\u0105\u017c\u0105cy na nas obowi\u0105zek prawny, np. zwi\u0105zany z rachunkowo\u015bci\u0105 (art. 6 ust. 1 lit. c RODO)<\/li><li>Twoja zgoda wyra\u017cona w Sklepie (art. 6 ust. 1 lit. a RODO)<\/li><li>Umowa o \u015bwiadczenie us\u0142ug lub dzia\u0142ania podejmowane na Twoje \u017c\u0105danie, zmierzaj\u0105ce do jej zawarcia (art. 6 ust. 1 lit. b RODO)<\/li><li>Nasz prawnie uzasadniony interes, polegaj\u0105cy na przetwarzaniu danych w celu ustalenia, dochodzenia lub obrony ewentualnych roszcze\u0144 (art. 6 ust. 1 lit. f RODO)<\/li><li>Nasz prawnie uzasadniony interes, polegaj\u0105cy na prowadzeniu marketingu bezpo\u015bredniego (art. 6 ust. 1 lit. f RODO)<\/li><li>Nasz prawnie uzasadniony interes polegaj\u0105cy na przetwarzaniu danych w celach analitycznych i statystycznych&nbsp;(art. 6 ust. 1 lit. f RODO)<\/li><li>Nasz prawnie uzasadniony interes polegaj\u0105cy na&nbsp;badaniu satysfakcji klient\u00f3w (art. 6 ust. 1 lit. f RODO)<\/li><\/ul>\n\n\n\n<p><strong>Podanie danych:<\/strong><\/p>\n\n\n\n<ul class=\"wp-block-list\"><li>Dobrowolne, ale w niekt\u00f3rych przypadkach mo\u017ce by\u0107 konieczne do zawarcia umowy.<\/li><\/ul>\n\n\n\n<p><strong>Skutek niepodania danych:<\/strong><\/p>\n\n\n\n<p>W zale\u017cno\u015bci od celu, w jakim dane s\u0105 podawane:<\/p>\n\n\n\n<ul class=\"wp-block-list\"><li>brak mo\u017cliwo\u015bci zarejestrowania si\u0119 w Sklepie<\/li><li>brak mo\u017cliwo\u015bci korzystania z us\u0142ug Sklepu<\/li><li>brak mo\u017cliwo\u015bci dokonania zakup\u00f3w w Sklepie<\/li><li>brak mo\u017cliwo\u015bci otrzymywania informacji o promocjach czy ofertach specjalnych, oferowanych w Sklepie<\/li><\/ul>\n\n\n\n<p><strong>Mo\u017cliwo\u015b\u0107 cofni\u0119cia zgody:<\/strong><\/p>\n\n\n\n<ul class=\"wp-block-list\"><li>w ka\u017cdej chwili<\/li><\/ul>\n\n\n\n<p>Przetwarzanie danych do momentu cofni\u0119cia przez Ciebie zgody pozostaje zgodne z prawem.<\/p>\n\n\n\n<h2 class=\"wp-block-heading\">OKRES PRZETWARZANIA<\/h2>\n\n\n\n<p>Twoje dane b\u0119dziemy przetwarza\u0107 tylko przez okres, w kt\u00f3rym b\u0119dziemy mie\u0107 ku temu podstaw\u0119 prawn\u0105, a wi\u0119c do momentu, w kt\u00f3rym:<\/p>\n\n\n\n<ul class=\"wp-block-list\"><li>przestanie ci\u0105\u017cy\u0107 na nas obowi\u0105zek prawny, zobowi\u0105zuj\u0105cy nas do przetwarzania Twoich danych<\/li><li>ustanie mo\u017cliwo\u015b\u0107 ustalania, dochodzenia lub obrony ewentualnych roszcze\u0144 zwi\u0105zanych z umow\u0105 zawart\u0105 przez Sklep przez strony<\/li><li>cofniesz zgod\u0119 na przetwarzanie danych, je\u015bli to ona by\u0142a jego podstaw\u0105<\/li><li>zostanie przyj\u0119ty Tw\u00f3j sprzeciw wobec przetwarzania Twoich danych osobowych &#8211; w przypadku gdy podstaw\u0105 przetwarzania Twoich danych by\u0142 uzasadniony interes administratora lub gdy dane by\u0142y przetwarzane w celu marketingu bezpo\u015bredniego<\/li><\/ul>\n\n\n\n<p>&#8211; w zale\u017cno\u015bci od tego, co ma zastosowanie w danym przypadku i co nast\u0105pi najp\u00f3\u017aniej.<\/p>\n\n\n\n<h2 class=\"wp-block-heading\">BEZPIECZE\u0143STWO DANYCH<\/h2>\n\n\n\n<p>Przetwarzaj\u0105c Twoje dane osobowe stosujemy \u015brodki organizacyjne i techniczne zgodne z w\u0142a\u015bciwymi przepisami prawa, w tym stosujemy szyfrowanie po\u0142\u0105czenia za pomoc\u0105 certyfikatu SSL.<\/p>\n\n\n\n<h2 class=\"wp-block-heading\">TWOJE UPRAWNIENIA<\/h2>\n\n\n\n<p>Przys\u0142uguje Ci prawo \u017c\u0105dania:<\/p>\n\n\n\n<ul class=\"wp-block-list\"><li>dost\u0119pu do Twoich danych osobowych,<\/li><li>ich sprostowania,<\/li><li>usuni\u0119cia,<\/li><li>ograniczenia przetwarzania,<\/li><li>\u017c\u0105dania przeniesienia danych do innego administratora,<\/li><\/ul>\n\n\n\n<p>A tak\u017ce:<\/p>\n\n\n\n<ul class=\"wp-block-list\"><li>wniesienia w dowolnym momencie sprzeciwu wobec przetwarzania Twoich danych:<ul><li>z przyczyn zwi\u0105zanych z Twoj\u0105 szczeg\u00f3ln\u0105 sytuacj\u0105 \u2013 wobec przetwarzania dotycz\u0105cych Ciebie danych osobowych, opartego na art. 6 ust. 1 lit. f RODO (tj. na prawnie uzasadnionych interesach realizowanych przez administratora),<\/li><li>je\u017celi dane osobowe s\u0105 przetwarzane na potrzeby marketingu bezpo\u015bredniego, w zakresie, w jakim przetwarzanie jest zwi\u0105zane z takim marketingiem bezpo\u015brednim.<\/li><\/ul><\/li><\/ul>\n\n\n\n<p>Skontaktuj si\u0119 z nami, je\u015bli chcesz skorzysta\u0107 ze swoich praw.<\/p>\n\n\n\n<p>Je\u015bli uznasz, \u017ce Twoje dane s\u0105 przetwarzane niezgodnie z prawem, mo\u017cesz z\u0142o\u017cy\u0107 skarg\u0119 do organu nadzorczego.<\/p>\n\n\n\n<h2 class=\"wp-block-heading\">CIASTECZKA<\/h2>\n\n\n\n<p>Nasz Sklep, jak wi\u0119kszo\u015b\u0107 witryn internetowych, korzysta z tzw. plik\u00f3w cookies (ciasteczek). Pliki te:<\/p>\n\n\n\n<ul class=\"wp-block-list\"><li>s\u0105 zapisywane w pami\u0119ci Twojego urz\u0105dzenia (komputera, telefonu, itd.)<\/li><li>umo\u017cliwiaj\u0105 Ci, m.in., korzystanie ze wszystkich funkcji Sklepu<\/li><li>nie powoduj\u0105 zmian w ustawieniach Twojego urz\u0105dzenia<\/li><\/ul>\n\n\n\n<p>Korzystaj\u0105c z odpowiednich opcji Twojej przegl\u0105darki, w ka\u017cdej chwili mo\u017cesz:<\/p>\n\n\n\n<ul class=\"wp-block-list\"><li>usun\u0105\u0107 pliki cookies<\/li><li>blokowa\u0107 wykorzystanie plik\u00f3w cookies w przysz\u0142o\u015bci<\/li><\/ul>\n\n\n\n<p>W tym Sklepie ciasteczka wykorzystywane s\u0105 w celu:<\/p>\n\n\n\n<ul class=\"wp-block-list\"><li>zapami\u0119tywania informacji o Twojej sesji<\/li><li>statystycznym<\/li><li>marketingowym<\/li><li>udost\u0119pniania funkcji Sklepu<\/li><\/ul>\n\n\n\n<p>Aby dowiedzie\u0107 si\u0119 jak zarz\u0105dza\u0107 plikami cookies, w tym jak wy\u0142\u0105czy\u0107 ich obs\u0142ug\u0119 w Twojej przegl\u0105darce, mo\u017cesz skorzysta\u0107 z pliku pomocy Twojej przegl\u0105darki. Z informacjami na ten temat mo\u017cesz zapozna\u0107 si\u0119 wciskaj\u0105c klawisz F1 w przegl\u0105darce. Ponadto odpowiednie wskaz\u00f3wki znajdziesz na nast\u0119puj\u0105cych podstronach, w zale\u017cno\u015bci od przegl\u0105darki, kt\u00f3rej u\u017cywasz:<\/p>\n\n\n\n<ul class=\"wp-block-list\"><li><a href=\"https:\/\/support.mozilla.org\/pl\/kb\/W%C5%82%C4%85czanie%20i%20wy%C5%82%C4%85czanie%20obs%C5%82ugi%20ciasteczek\" rel=\"noreferrer noopener\" target=\"_blank\">Firefox<\/a><\/li><li><a href=\"https:\/\/support.google.com\/chrome\/answer\/95647?hl=plX\" rel=\"noreferrer noopener\" target=\"_blank\">Chrome<\/a><\/li><li><a href=\"https:\/\/support.apple.com\/kb\/PH5042?locale=en_US\" rel=\"noreferrer noopener\" target=\"_blank\">Safari<\/a><\/li><li><a href=\"http:\/\/windows.microsoft.com\/pl-pl\/windows-10\/edge-privacy-faq\" rel=\"noreferrer noopener\" target=\"_blank\">Internet Explorer \/ Microsoft Edge<\/a><\/li><\/ul>\n\n\n\n<p>Wi\u0119cej informacji o ciasteczkach znajdziesz w&nbsp;<a href=\"https:\/\/pl.wikipedia.org\/wiki\/HTTP_cookie\" rel=\"noreferrer noopener\" target=\"_blank\">Wikipedii<\/a>.<\/p>\n\n\n\n<h2 class=\"wp-block-heading\">US\u0141UGI ZEWN\u0118TRZNE \/ ODBIORCY DANYCH<\/h2>\n\n\n\n<p>Korzystamy z us\u0142ug podmiot\u00f3w zewn\u0119trznych, kt\u00f3rym mog\u0105 by\u0107 przekazywane Twoje dane. Poni\u017cej znajduje si\u0119 lista mo\u017cliwych odbiorc\u00f3w Twoich danych:<\/p>\n\n\n\n<ul class=\"wp-block-list\"><li>dostawca oprogramowania potrzebnego do prowadzenia sklepu internetowego<\/li><li>podmiot realizuj\u0105cy dostaw\u0119 towar\u00f3w<\/li><li>hurtownia<\/li><li>dostawca p\u0142atno\u015bci<\/li><li>biuro ksi\u0119gowe<\/li><li>podmiot u\u0142atwiajacy optymalizacj\u0119 Sklepu<\/li><li>podmiot zapewniaj\u0105cy us\u0142ugi marketingowe<\/li><li>podmiot zapewniaj\u0105cy us\u0142ugi statystyczne<\/li><li>odpowiednie organy publiczne w zakresie, w jakim Administrator jest zobowi\u0105zany do udost\u0119pnienia im danych<\/li><\/ul>\n\n\n\n<h2 class=\"wp-block-heading\">KONTAKT Z ADMINISTRATOREM<\/h2>\n\n\n\n<p>Chcesz skorzysta\u0107 ze swoich uprawnie\u0144 dotycz\u0105cych danych osobowych?<\/p>\n\n\n\n<p>A mo\u017ce po prostu chcesz zapyta\u0107 o co\u015b zwi\u0105zanego z nasz\u0105 Polityk\u0105 Prywatno\u015bci?<\/p>\n\n\n\n<p>Napisz na adres e-mail:<br>progresps@gmail.com<\/p>\n","protected":false},"excerpt":{"rendered":"<p>Polityka prywatno\u015bci www.progresuj.pl Drogi U\u017cytkowniku! Dbamy o Twoj\u0105 prywatno\u015b\u0107 i chcemy, aby\u015b w czasie korzystania z naszych us\u0142ug czu\u0142 si\u0119 komfortowo. Dlatego te\u017c poni\u017cej prezentujemy Ci najwa\u017cniejsze informacje o zasadach przetwarzania przez nas Twoich danych osobowych oraz plikach cookies, kt\u00f3re s\u0105 wykorzystywane przez nasz Sklep. Informacje te zosta\u0142y przygotowane z uwzgl\u0119dnieniem RODO, czyli og\u00f3lnego rozporz\u0105dzenia [&hellip;]<\/p>\n","protected":false},"author":1,"featured_media":0,"parent":0,"menu_order":0,"comment_status":"closed","ping_status":"open","template":"","meta":{"site-sidebar-layout":"default","site-content-layout":"","ast-site-content-layout":"default","site-content-style":"default","site-sidebar-style":"default","ast-global-header-display":"","ast-banner-title-visibility":"","ast-main-header-display":"","ast-hfb-above-header-display":"","ast-hfb-below-header-display":"","ast-hfb-mobile-header-display":"","site-post-title":"","ast-breadcrumbs-content":"","ast-featured-img":"","footer-sml-layout":"","ast-disable-related-posts":"","theme-transparent-header-meta":"","adv-header-id-meta":"","stick-header-meta":"","header-above-stick-meta":"","header-main-stick-meta":"","header-below-stick-meta":"","astra-migrate-meta-layouts":"default","ast-page-background-enabled":"default","ast-page-background-meta":{"desktop":{"background-color":"var(--ast-global-color-5)","background-image":"","background-repeat":"repeat","background-position":"center center","background-size":"auto","background-attachment":"scroll","background-type":"","background-media":"","overlay-type":"","overlay-color":"","overlay-opacity":"","overlay-gradient":""},"tablet":{"background-color":"","background-image":"","background-repeat":"repeat","background-position":"center center","background-size":"auto","background-attachment":"scroll","background-type":"","background-media":"","overlay-type":"","overlay-color":"","overlay-opacity":"","overlay-gradient":""},"mobile":{"background-color":"","background-image":"","background-repeat":"repeat","background-position":"center center","background-size":"auto","background-attachment":"scroll","background-type":"","background-media":"","overlay-type":"","overlay-color":"","overlay-opacity":"","overlay-gradient":""}},"ast-content-background-meta":{"desktop":{"background-color":"var(--ast-global-color-4)","background-image":"","background-repeat":"repeat","background-position":"center center","background-size":"auto","background-attachment":"scroll","background-type":"","background-media":"","overlay-type":"","overlay-color":"","overlay-opacity":"","overlay-gradient":""},"tablet":{"background-color":"var(--ast-global-color-4)","background-image":"","background-repeat":"repeat","background-position":"center center","background-size":"auto","background-attachment":"scroll","background-type":"","background-media":"","overlay-type":"","overlay-color":"","overlay-opacity":"","overlay-gradient":""},"mobile":{"background-color":"var(--ast-global-color-4)","background-image":"","background-repeat":"repeat","background-position":"center center","background-size":"auto","background-attachment":"scroll","background-type":"","background-media":"","overlay-type":"","overlay-color":"","overlay-opacity":"","overlay-gradient":""}},"footnotes":""},"class_list":["post-2","page","type-page","status-publish","hentry"],"_links":{"self":[{"href":"https:\/\/progresuj.pl\/index.php\/wp-json\/wp\/v2\/pages\/2","targetHints":{"allow":["GET"]}}],"collection":[{"href":"https:\/\/progresuj.pl\/index.php\/wp-json\/wp\/v2\/pages"}],"about":[{"href":"https:\/\/progresuj.pl\/index.php\/wp-json\/wp\/v2\/types\/page"}],"author":[{"embeddable":true,"href":"https:\/\/progresuj.pl\/index.php\/wp-json\/wp\/v2\/users\/1"}],"replies":[{"embeddable":true,"href":"https:\/\/progresuj.pl\/index.php\/wp-json\/wp\/v2\/comments?post=2"}],"version-history":[{"count":5,"href":"https:\/\/progresuj.pl\/index.php\/wp-json\/wp\/v2\/pages\/2\/revisions"}],"predecessor-version":[{"id":175,"href":"https:\/\/progresuj.pl\/index.php\/wp-json\/wp\/v2\/pages\/2\/revisions\/175"}],"wp:attachment":[{"href":"https:\/\/progresuj.pl\/index.php\/wp-json\/wp\/v2\/media?parent=2"}],"curies":[{"name":"wp","href":"https:\/\/api.w.org\/{rel}","templated":true}]}}