{"id":33,"date":"2019-09-22T14:53:08","date_gmt":"2019-09-22T14:53:08","guid":{"rendered":"http:\/\/progresuj.pl\/?page_id=33"},"modified":"2026-03-16T15:05:12","modified_gmt":"2026-03-16T15:05:12","slug":"o-nas","status":"publish","type":"page","link":"https:\/\/progresuj.pl\/index.php\/o-nas\/","title":{"rendered":"Specjali\u015bci"},"content":{"rendered":"\n<p class=\"has-medium-font-size\"><\/p>\n\n\n\n<p><\/p>\n\n\n\n<figure class=\"wp-block-image size-large\"><img loading=\"lazy\" decoding=\"async\" width=\"865\" height=\"1024\" src=\"https:\/\/progresuj.pl\/wp-content\/uploads\/2026\/03\/strona-865x1024.jpg\" alt=\"\" class=\"wp-image-368\" srcset=\"https:\/\/progresuj.pl\/wp-content\/uploads\/2026\/03\/strona-865x1024.jpg 865w, https:\/\/progresuj.pl\/wp-content\/uploads\/2026\/03\/strona-253x300.jpg 253w, https:\/\/progresuj.pl\/wp-content\/uploads\/2026\/03\/strona-768x909.jpg 768w, https:\/\/progresuj.pl\/wp-content\/uploads\/2026\/03\/strona-1298x1536.jpg 1298w, https:\/\/progresuj.pl\/wp-content\/uploads\/2026\/03\/strona-1730x2048.jpg 1730w\" sizes=\"auto, (max-width: 865px) 100vw, 865px\" \/><\/figure>\n\n\n\n<p><strong>Pawe\u0142 Szyma\u0144ski<\/strong> &#8211; jestem certyfikowanym psychoterapeut\u0105 Psychoterapii Pozytywnej (uko\u0144czy\u0142em tak\u017ce kursy Psychoterapii Ericksonowskiej (hipnoza) i Psychoterapii Systemowej), trenerem biznesu, dyplomowanym tutorem i coachem z wieloletnim, mi\u0119dzynarodowym do\u015bwiadczeniem w sprzeda\u017cy i zarz\u0105dzaniu. \u0141\u0105cz\u0119 do\u015bwiadczenia psychoterapeuty, managera sprzeda\u017cy i trenera z aktualn\u0105 wiedz\u0105 z zakresu kreatywnej sprzeda\u017cy. Tworz\u0119 autorskie programy szkoleniowe, oparte na konkretnych celach rozwojowych (psychoedukacyjne warsztaty dla dzieci, m\u0142odzie\u017cy, rodzic\u00f3w i nauczycieli (profilaktyka uzale\u017cnie\u0144, stres, agresja, zburzenia l\u0119kowe i nastroju) oraz szkolenia biznesowe o zr\u00f3\u017cnicowanej tematyce dopasowane do potrzeb klienta (kilkaset przeprowadzonych szkole\u0144 i warsztat\u00f3w). Jestem tak\u017ce certyfikowanym przez Polski Zwi\u0105zek Bryd\u017ca Sportowego instruktorem z licznymi sukcesami w tej wymagaj\u0105cej dyscyplinie sportu, kt\u00f3ra jednocze\u015bnie jest znakomitym treningiem rozwojowym.<\/p>\n\n\n\n<p>Posiadam mi\u0119dzynarodowy certyfikat Konsultanta oraz Mistrza Psychoterapii Pozytywnej (certyfikacja trwa ok 5 lat) rekomendowany przez Sekcj\u0119 Polskiego Towarzystwa Psychiatrycznego. Jestem cz\u0142onkiem \u015awiatowego Towarzystwa Psychoterapii Pozytywnej (World Association for Positive and Transcultural (positum.org)) oraz Polskiego Towarzystwa Psychoterapii Stosowanej. Uko\u0144czy\u0142em kurs z Psychopatologii (Podstawy Kliniczne z Psychiatrii) we Wroc\u0142awskim Instytucie Psychoterapii oraz dodatkowo kursy Psychoterapii Ericksonowskiej (hipnoza) i Psychoterapii Systemowej (praca z systemami rodzinnymi). Zawsze interesowa\u0142em si\u0119 psychologi\u0105 i socjologi\u0105 (na tym kierunku uko\u0144czy\u0142em jednolite pi\u0119cioletnie studia magisterskie na UMCS w Lublinie).<\/p>\n\n\n\n<p>Od dziewi\u0119ciu lat moja kariera zawodowa skupia si\u0119 na pracy z problematyk\u0105: -zaburze\u0144 l\u0119kowych -stresu i zwalczaniem jego negatywnych skutk\u00f3w -wypalenia zawodowego -obni\u017cenia nastroju -nerwowo\u015bci i agresji -dra\u017cliwo\u015bci -uzale\u017cnie\u0144 -bezsenno\u015bci. Nurt Psychoterapii, w kt\u00f3rym g\u0142\u00f3wnie pracuj\u0119: Psychoterapia pozytywna jest modalno\u015bci\u0105 psychoterapeutyczn\u0105, kt\u00f3ra integruje podej\u015bcie humanistyczne, psychodynamiczne oraz poznawcze. G\u0142\u00f3wnym jej za\u0142o\u017ceniem jest koncepcja positum, kt\u00f3ra m\u00f3wi o tym, \u017ce cz\u0142owieka charakteryzuj\u0105 nie tylko jego ograniczenia, ale tak\u017ce zasoby oraz zdolno\u015b\u0107 do uczenia si\u0119 i aktywnego wspierania procesu zdrowienia. W trakcie psychoterapii d\u0105\u017cy si\u0119 m.in. do aktywizowania i wzmacniania zasob\u00f3w, jakimi dana osoba dysponuje. Czas trwania konsultacji &#8211; ok 45 min.<\/p>\n\n\n\n<p>Psychoterapia pozytywna jest uznan\u0105 metod\u0105 leczenia, akredytowan\u0105 przez: &#8211; Europejskie Stowarzyszenie Psychoterapii (EAP), &#8211; \u015awiatow\u0105 Rad\u0119 dla Psychoterapii (WCP) &#8211; Mi\u0119dzynarodow\u0105 Federacj\u0119 Psychoterapii (IFP). Psychoterapia Pozytywna posiada uprawnienia European Wide Accrediting Organization (EWAO) i akredytacj\u0119 World Certificate of Psychotherapy (WCPC). W ramach kursu odbywa\u0142em r\u00f3wnie\u017c obowi\u0105zkow\u0105 terapi\u0119 w\u0142asn\u0105 i superwizj\u0119, kt\u00f3ra nadal jest kontynuowana. Pracuj\u0119 stacjonarnie w gabinecie w Lublinie, online oraz w szko\u0142ach i firmach prowadz\u0105c warsztaty lub szkolenia.<\/p>\n\n\n\n<p><br><strong>Kontakt: tel. 780 068 003 email: progresps@gmail.com<\/strong><br><\/p>\n\n\n\n<figure class=\"wp-block-image size-full\"><img loading=\"lazy\" decoding=\"async\" width=\"1024\" height=\"1024\" src=\"https:\/\/progresuj.pl\/wp-content\/uploads\/2026\/03\/ja.jpg\" alt=\"\" class=\"wp-image-370\" srcset=\"https:\/\/progresuj.pl\/wp-content\/uploads\/2026\/03\/ja.jpg 1024w, https:\/\/progresuj.pl\/wp-content\/uploads\/2026\/03\/ja-300x300.jpg 300w, https:\/\/progresuj.pl\/wp-content\/uploads\/2026\/03\/ja-150x150.jpg 150w, https:\/\/progresuj.pl\/wp-content\/uploads\/2026\/03\/ja-768x768.jpg 768w\" sizes=\"auto, (max-width: 1024px) 100vw, 1024px\" \/><\/figure>\n\n\n\n<p><strong>Ewa Beer<\/strong> &#8211; jestem psychologiem i seksuologiem, wykorzystuj\u0119 w swojej pracy Terapi\u0119 Poznawczo-Behawioraln\u0105 (CBT) oraz Terapi\u0119 Skoncentrowan\u0105 na Rozwi\u0105zaniach (TSR). W ramach powy\u017cszych metod terapeutycznych uko\u0144czy\u0142am szkolenia specjalistyczne z zakresu:<\/p>\n\n\n\n<ul class=\"wp-block-list\">\n<li>terapii par<\/li>\n\n\n\n<li>terapii CBT par w sytuacji konflikt\u00f3w, rozwodu<\/li>\n\n\n\n<li>psychoonkologii praktycznej<\/li>\n\n\n\n<li>pracy z klientem tzw. osobowo\u015bci\u0105 borderline, narcystyczn\u0105, zale\u017cn\u0105 oraz unikaj\u0105c\u0105<\/li>\n\n\n\n<li>interwencji kryzysowej<\/li>\n<\/ul>\n\n\n\n<p>Jestem absolwentk\u0105 Terapii Poznawczo-Behawioralnej doros\u0142ych w Szkole Podyplomowej Centrum Terapii Poznawczo-Behawioralnej w Warszawie i seksuologii klinicznej na Warszawskim Uniwersytecie Medycznym. Na codzie\u0144 zawodowo towarzyszy\u0119, jak r\u00f3wnie\u017c wspieram osoby chore i bliskich mierz\u0105cych si\u0119 z chorob\u0105 nowotworow\u0105 w Centrum Onkologii Ziemi Lubelskiej.<\/p>\n\n\n\n<p>Zajmuj\u0119 si\u0119 prowadzeniem terapii dla doros\u0142ych oraz wsparciem:<\/p>\n\n\n\n<ul class=\"wp-block-list\">\n<li>par \/ ma\u0142\u017ce\u0144stw \/ zwi\u0105zk\u00f3w \/ os\u00f3b w relacji<\/li>\n\n\n\n<li>os\u00f3b indywidualnych<\/li>\n<\/ul>\n\n\n\n<ul class=\"wp-block-list\">\n<li>chorych onkologicznie i ich rodzin<\/li>\n\n\n\n<li>obszaru seksuologii<\/li>\n\n\n\n<li>mierz\u0105cych si\u0119 z trudnymi do\u015bwiadczeniami<\/li>\n\n\n\n<li>potrzebuj\u0105cych wsparcia psychologicznego na ka\u017cdym etapie \u017cycia<\/li>\n<\/ul>\n\n\n\n<p><strong>Kontakt: tel. 790 415 334 email: ewa.beer@interia.pl<\/strong><\/p>\n\n\n\n<p><\/p>\n","protected":false},"excerpt":{"rendered":"<p>Pawe\u0142 Szyma\u0144ski &#8211; jestem certyfikowanym psychoterapeut\u0105 Psychoterapii Pozytywnej (uko\u0144czy\u0142em tak\u017ce kursy Psychoterapii Ericksonowskiej (hipnoza) i Psychoterapii Systemowej), trenerem biznesu, dyplomowanym tutorem i coachem z wieloletnim, mi\u0119dzynarodowym do\u015bwiadczeniem w sprzeda\u017cy i zarz\u0105dzaniu. \u0141\u0105cz\u0119 do\u015bwiadczenia psychoterapeuty, managera sprzeda\u017cy i trenera z aktualn\u0105 wiedz\u0105 z zakresu kreatywnej sprzeda\u017cy. Tworz\u0119 autorskie programy szkoleniowe, oparte na konkretnych celach rozwojowych (psychoedukacyjne [&hellip;]<\/p>\n","protected":false},"author":1,"featured_media":0,"parent":0,"menu_order":0,"comment_status":"closed","ping_status":"closed","template":"","meta":{"site-sidebar-layout":"default","site-content-layout":"","ast-site-content-layout":"default","site-content-style":"default","site-sidebar-style":"default","ast-global-header-display":"","ast-banner-title-visibility":"","ast-main-header-display":"","ast-hfb-above-header-display":"","ast-hfb-below-header-display":"","ast-hfb-mobile-header-display":"","site-post-title":"","ast-breadcrumbs-content":"","ast-featured-img":"","footer-sml-layout":"","ast-disable-related-posts":"","theme-transparent-header-meta":"","adv-header-id-meta":"","stick-header-meta":"","header-above-stick-meta":"","header-main-stick-meta":"","header-below-stick-meta":"","astra-migrate-meta-layouts":"default","ast-page-background-enabled":"default","ast-page-background-meta":{"desktop":{"background-color":"var(--ast-global-color-5)","background-image":"","background-repeat":"repeat","background-position":"center center","background-size":"auto","background-attachment":"scroll","background-type":"","background-media":"","overlay-type":"","overlay-color":"","overlay-opacity":"","overlay-gradient":""},"tablet":{"background-color":"","background-image":"","background-repeat":"repeat","background-position":"center center","background-size":"auto","background-attachment":"scroll","background-type":"","background-media":"","overlay-type":"","overlay-color":"","overlay-opacity":"","overlay-gradient":""},"mobile":{"background-color":"","background-image":"","background-repeat":"repeat","background-position":"center center","background-size":"auto","background-attachment":"scroll","background-type":"","background-media":"","overlay-type":"","overlay-color":"","overlay-opacity":"","overlay-gradient":""}},"ast-content-background-meta":{"desktop":{"background-color":"var(--ast-global-color-4)","background-image":"","background-repeat":"repeat","background-position":"center center","background-size":"auto","background-attachment":"scroll","background-type":"","background-media":"","overlay-type":"","overlay-color":"","overlay-opacity":"","overlay-gradient":""},"tablet":{"background-color":"var(--ast-global-color-4)","background-image":"","background-repeat":"repeat","background-position":"center center","background-size":"auto","background-attachment":"scroll","background-type":"","background-media":"","overlay-type":"","overlay-color":"","overlay-opacity":"","overlay-gradient":""},"mobile":{"background-color":"var(--ast-global-color-4)","background-image":"","background-repeat":"repeat","background-position":"center center","background-size":"auto","background-attachment":"scroll","background-type":"","background-media":"","overlay-type":"","overlay-color":"","overlay-opacity":"","overlay-gradient":""}},"footnotes":""},"class_list":["post-33","page","type-page","status-publish","hentry"],"_links":{"self":[{"href":"https:\/\/progresuj.pl\/index.php\/wp-json\/wp\/v2\/pages\/33","targetHints":{"allow":["GET"]}}],"collection":[{"href":"https:\/\/progresuj.pl\/index.php\/wp-json\/wp\/v2\/pages"}],"about":[{"href":"https:\/\/progresuj.pl\/index.php\/wp-json\/wp\/v2\/types\/page"}],"author":[{"embeddable":true,"href":"https:\/\/progresuj.pl\/index.php\/wp-json\/wp\/v2\/users\/1"}],"replies":[{"embeddable":true,"href":"https:\/\/progresuj.pl\/index.php\/wp-json\/wp\/v2\/comments?post=33"}],"version-history":[{"count":34,"href":"https:\/\/progresuj.pl\/index.php\/wp-json\/wp\/v2\/pages\/33\/revisions"}],"predecessor-version":[{"id":419,"href":"https:\/\/progresuj.pl\/index.php\/wp-json\/wp\/v2\/pages\/33\/revisions\/419"}],"wp:attachment":[{"href":"https:\/\/progresuj.pl\/index.php\/wp-json\/wp\/v2\/media?parent=33"}],"curies":[{"name":"wp","href":"https:\/\/api.w.org\/{rel}","templated":true}]}}